{"id":10454,"date":"2021-04-11T20:53:29","date_gmt":"2021-04-11T17:53:29","guid":{"rendered":"https:\/\/bioplanet.ee\/toode\/uncategorized\/melatoniin\/"},"modified":"2026-03-30T16:12:12","modified_gmt":"2026-03-30T13:12:12","slug":"melatoniin","status":"publish","type":"product","link":"https:\/\/bioplanet.ee\/en\/toode\/other\/melatoniin\/","title":{"rendered":"Melatoniin pikatoimeline minitablett 1,9mg"},"content":{"rendered":"","protected":false},"excerpt":{"rendered":"<p>ESI Melatoniin Pura 90 mini tabletti. Aeglaselt imenduvad pikatoimelised melatoniini tabletid on m\u00f5eldud neile, kellel on probleeme \u00f6\u00f6sel \u00e4rkamisega.<br \/>\nMinitablettide eelis on see, et neid on kerge neelata.<\/p>\n","protected":false},"featured_media":13914,"comment_status":"open","ping_status":"closed","template":"","meta":{"_acf_changed":false,"inline_featured_image":false},"product_brand":[],"product_cat":[174],"product_tag":[],"class_list":{"0":"post-10454","1":"product","2":"type-product","3":"status-publish","4":"has-post-thumbnail","6":"product_cat-other","7":"pa_omastamise-vorm-tablet","8":"pa_toimeaine-melatonin","9":"pa_tootja-jargi-esi-en","11":"first","12":"instock","13":"taxable","14":"shipping-taxable","15":"purchasable","16":"product-type-simple"},"acf":[],"yoast_head":"<!-- This site is optimized with the Yoast SEO plugin v27.2 - https:\/\/yoast.com\/product\/yoast-seo-wordpress\/ -->\n<title>Melatoniin pikatoimeline minitablett 1,9mg - Bioplanet<\/title>\n<meta name=\"description\" content=\"Pikatoimelise melatoniini tabletid on m\u00f5eldud k\u00f5igile, kellel on probleeme \u00f6\u00f6sel \u00e4rkamisega. Pakendis 90 minitabletti. Telli kohe!\" \/>\n<meta name=\"robots\" content=\"index, follow, max-snippet:-1, max-image-preview:large, max-video-preview:-1\" \/>\n<link rel=\"canonical\" href=\"https:\/\/bioplanet.ee\/en\/toode\/other\/melatoniin\/\" \/>\n<meta property=\"og:locale\" content=\"en_US\" \/>\n<meta property=\"og:type\" content=\"article\" \/>\n<meta property=\"og:title\" content=\"Melatoniin pikatoimeline minitablett 1,9mg - Bioplanet\" \/>\n<meta property=\"og:description\" content=\"Pikatoimelise melatoniini tabletid on m\u00f5eldud k\u00f5igile, kellel on probleeme \u00f6\u00f6sel \u00e4rkamisega. Pakendis 90 minitabletti. Telli kohe!\" \/>\n<meta property=\"og:url\" content=\"https:\/\/bioplanet.ee\/en\/toode\/other\/melatoniin\/\" \/>\n<meta property=\"og:site_name\" content=\"Bioplanet\" \/>\n<meta property=\"article:publisher\" content=\"https:\/\/facebook.com\/Bioplanet-1453574211558639\/\" \/>\n<meta property=\"article:modified_time\" content=\"2026-03-30T13:12:12+00:00\" \/>\n<meta property=\"og:image\" content=\"https:\/\/bioplanet.ee\/wp-content\/uploads\/2021\/04\/melatoniin2-1.png\" \/>\n\t<meta property=\"og:image:width\" content=\"752\" \/>\n\t<meta property=\"og:image:height\" content=\"1300\" \/>\n\t<meta property=\"og:image:type\" content=\"image\/png\" \/>\n<meta name=\"twitter:card\" content=\"summary_large_image\" \/>\n<script type=\"application\/ld+json\" class=\"yoast-schema-graph\">{\"@context\":\"https:\/\/schema.org\",\"@graph\":[{\"@type\":\"WebPage\",\"@id\":\"https:\/\/bioplanet.ee\/en\/toode\/other\/melatoniin\/\",\"url\":\"https:\/\/bioplanet.ee\/en\/toode\/other\/melatoniin\/\",\"name\":\"Melatoniin pikatoimeline minitablett 1,9mg - Bioplanet\",\"isPartOf\":{\"@id\":\"https:\/\/bioplanet.ee\/#website\"},\"primaryImageOfPage\":{\"@id\":\"https:\/\/bioplanet.ee\/en\/toode\/other\/melatoniin\/#primaryimage\"},\"image\":{\"@id\":\"https:\/\/bioplanet.ee\/en\/toode\/other\/melatoniin\/#primaryimage\"},\"thumbnailUrl\":\"https:\/\/bioplanet.ee\/wp-content\/uploads\/2021\/04\/melatoniin2-1.png\",\"datePublished\":\"2021-04-11T17:53:29+00:00\",\"dateModified\":\"2026-03-30T13:12:12+00:00\",\"description\":\"Pikatoimelise melatoniini tabletid on m\u00f5eldud k\u00f5igile, kellel on probleeme \u00f6\u00f6sel \u00e4rkamisega. Pakendis 90 minitabletti. Telli kohe!\",\"breadcrumb\":{\"@id\":\"https:\/\/bioplanet.ee\/en\/toode\/other\/melatoniin\/#breadcrumb\"},\"inLanguage\":\"en-US\",\"potentialAction\":[{\"@type\":\"ReadAction\",\"target\":[\"https:\/\/bioplanet.ee\/en\/toode\/other\/melatoniin\/\"]}]},{\"@type\":\"ImageObject\",\"inLanguage\":\"en-US\",\"@id\":\"https:\/\/bioplanet.ee\/en\/toode\/other\/melatoniin\/#primaryimage\",\"url\":\"https:\/\/bioplanet.ee\/wp-content\/uploads\/2021\/04\/melatoniin2-1.png\",\"contentUrl\":\"https:\/\/bioplanet.ee\/wp-content\/uploads\/2021\/04\/melatoniin2-1.png\",\"width\":752,\"height\":1300,\"caption\":\"melatoniin\"},{\"@type\":\"BreadcrumbList\",\"@id\":\"https:\/\/bioplanet.ee\/en\/toode\/other\/melatoniin\/#breadcrumb\",\"itemListElement\":[{\"@type\":\"ListItem\",\"position\":1,\"name\":\"Home\",\"item\":\"https:\/\/bioplanet.ee\/en\/\"},{\"@type\":\"ListItem\",\"position\":2,\"name\":\"All products\",\"item\":\"https:\/\/bioplanet.ee\/en\/all-products\/\"},{\"@type\":\"ListItem\",\"position\":3,\"name\":\"Melatoniin pikatoimeline minitablett 1,9mg\"}]},{\"@type\":\"WebSite\",\"@id\":\"https:\/\/bioplanet.ee\/#website\",\"url\":\"https:\/\/bioplanet.ee\/\",\"name\":\"Bioplanet\",\"description\":\"e-pood\",\"publisher\":{\"@id\":\"https:\/\/bioplanet.ee\/#organization\"},\"potentialAction\":[{\"@type\":\"SearchAction\",\"target\":{\"@type\":\"EntryPoint\",\"urlTemplate\":\"https:\/\/bioplanet.ee\/?s={search_term_string}\"},\"query-input\":{\"@type\":\"PropertyValueSpecification\",\"valueRequired\":true,\"valueName\":\"search_term_string\"}}],\"inLanguage\":\"en-US\"},{\"@type\":\"Organization\",\"@id\":\"https:\/\/bioplanet.ee\/#organization\",\"name\":\"Bioplanet\",\"url\":\"https:\/\/bioplanet.ee\/\",\"logo\":{\"@type\":\"ImageObject\",\"inLanguage\":\"en-US\",\"@id\":\"https:\/\/bioplanet.ee\/#\/schema\/logo\/image\/\",\"url\":\"https:\/\/bioplanet.ee\/wp-content\/uploads\/2022\/08\/logo.png\",\"contentUrl\":\"https:\/\/bioplanet.ee\/wp-content\/uploads\/2022\/08\/logo.png\",\"width\":760,\"height\":216,\"caption\":\"Bioplanet\"},\"image\":{\"@id\":\"https:\/\/bioplanet.ee\/#\/schema\/logo\/image\/\"},\"sameAs\":[\"https:\/\/facebook.com\/Bioplanet-1453574211558639\/\"]}]}<\/script>\n<!-- \/ Yoast SEO plugin. -->","yoast_head_json":{"title":"Melatoniin pikatoimeline minitablett 1,9mg - Bioplanet","description":"Pikatoimelise melatoniini tabletid on m\u00f5eldud k\u00f5igile, kellel on probleeme \u00f6\u00f6sel \u00e4rkamisega. Pakendis 90 minitabletti. Telli kohe!","robots":{"index":"index","follow":"follow","max-snippet":"max-snippet:-1","max-image-preview":"max-image-preview:large","max-video-preview":"max-video-preview:-1"},"canonical":"https:\/\/bioplanet.ee\/en\/toode\/other\/melatoniin\/","og_locale":"en_US","og_type":"article","og_title":"Melatoniin pikatoimeline minitablett 1,9mg - Bioplanet","og_description":"Pikatoimelise melatoniini tabletid on m\u00f5eldud k\u00f5igile, kellel on probleeme \u00f6\u00f6sel \u00e4rkamisega. Pakendis 90 minitabletti. Telli kohe!","og_url":"https:\/\/bioplanet.ee\/en\/toode\/other\/melatoniin\/","og_site_name":"Bioplanet","article_publisher":"https:\/\/facebook.com\/Bioplanet-1453574211558639\/","article_modified_time":"2026-03-30T13:12:12+00:00","og_image":[{"width":752,"height":1300,"url":"https:\/\/bioplanet.ee\/wp-content\/uploads\/2021\/04\/melatoniin2-1.png","type":"image\/png"}],"twitter_card":"summary_large_image","schema":{"@context":"https:\/\/schema.org","@graph":[{"@type":"WebPage","@id":"https:\/\/bioplanet.ee\/en\/toode\/other\/melatoniin\/","url":"https:\/\/bioplanet.ee\/en\/toode\/other\/melatoniin\/","name":"Melatoniin pikatoimeline minitablett 1,9mg - Bioplanet","isPartOf":{"@id":"https:\/\/bioplanet.ee\/#website"},"primaryImageOfPage":{"@id":"https:\/\/bioplanet.ee\/en\/toode\/other\/melatoniin\/#primaryimage"},"image":{"@id":"https:\/\/bioplanet.ee\/en\/toode\/other\/melatoniin\/#primaryimage"},"thumbnailUrl":"https:\/\/bioplanet.ee\/wp-content\/uploads\/2021\/04\/melatoniin2-1.png","datePublished":"2021-04-11T17:53:29+00:00","dateModified":"2026-03-30T13:12:12+00:00","description":"Pikatoimelise melatoniini tabletid on m\u00f5eldud k\u00f5igile, kellel on probleeme \u00f6\u00f6sel \u00e4rkamisega. Pakendis 90 minitabletti. Telli kohe!","breadcrumb":{"@id":"https:\/\/bioplanet.ee\/en\/toode\/other\/melatoniin\/#breadcrumb"},"inLanguage":"en-US","potentialAction":[{"@type":"ReadAction","target":["https:\/\/bioplanet.ee\/en\/toode\/other\/melatoniin\/"]}]},{"@type":"ImageObject","inLanguage":"en-US","@id":"https:\/\/bioplanet.ee\/en\/toode\/other\/melatoniin\/#primaryimage","url":"https:\/\/bioplanet.ee\/wp-content\/uploads\/2021\/04\/melatoniin2-1.png","contentUrl":"https:\/\/bioplanet.ee\/wp-content\/uploads\/2021\/04\/melatoniin2-1.png","width":752,"height":1300,"caption":"melatoniin"},{"@type":"BreadcrumbList","@id":"https:\/\/bioplanet.ee\/en\/toode\/other\/melatoniin\/#breadcrumb","itemListElement":[{"@type":"ListItem","position":1,"name":"Home","item":"https:\/\/bioplanet.ee\/en\/"},{"@type":"ListItem","position":2,"name":"All products","item":"https:\/\/bioplanet.ee\/en\/all-products\/"},{"@type":"ListItem","position":3,"name":"Melatoniin pikatoimeline minitablett 1,9mg"}]},{"@type":"WebSite","@id":"https:\/\/bioplanet.ee\/#website","url":"https:\/\/bioplanet.ee\/","name":"Bioplanet","description":"e-pood","publisher":{"@id":"https:\/\/bioplanet.ee\/#organization"},"potentialAction":[{"@type":"SearchAction","target":{"@type":"EntryPoint","urlTemplate":"https:\/\/bioplanet.ee\/?s={search_term_string}"},"query-input":{"@type":"PropertyValueSpecification","valueRequired":true,"valueName":"search_term_string"}}],"inLanguage":"en-US"},{"@type":"Organization","@id":"https:\/\/bioplanet.ee\/#organization","name":"Bioplanet","url":"https:\/\/bioplanet.ee\/","logo":{"@type":"ImageObject","inLanguage":"en-US","@id":"https:\/\/bioplanet.ee\/#\/schema\/logo\/image\/","url":"https:\/\/bioplanet.ee\/wp-content\/uploads\/2022\/08\/logo.png","contentUrl":"https:\/\/bioplanet.ee\/wp-content\/uploads\/2022\/08\/logo.png","width":760,"height":216,"caption":"Bioplanet"},"image":{"@id":"https:\/\/bioplanet.ee\/#\/schema\/logo\/image\/"},"sameAs":["https:\/\/facebook.com\/Bioplanet-1453574211558639\/"]}]}},"_links":{"self":[{"href":"https:\/\/bioplanet.ee\/en\/wp-json\/wp\/v2\/product\/10454","targetHints":{"allow":["GET"]}}],"collection":[{"href":"https:\/\/bioplanet.ee\/en\/wp-json\/wp\/v2\/product"}],"about":[{"href":"https:\/\/bioplanet.ee\/en\/wp-json\/wp\/v2\/types\/product"}],"replies":[{"embeddable":true,"href":"https:\/\/bioplanet.ee\/en\/wp-json\/wp\/v2\/comments?post=10454"}],"wp:featuredmedia":[{"embeddable":true,"href":"https:\/\/bioplanet.ee\/en\/wp-json\/wp\/v2\/media\/13914"}],"wp:attachment":[{"href":"https:\/\/bioplanet.ee\/en\/wp-json\/wp\/v2\/media?parent=10454"}],"wp:term":[{"taxonomy":"product_brand","embeddable":true,"href":"https:\/\/bioplanet.ee\/en\/wp-json\/wp\/v2\/product_brand?post=10454"},{"taxonomy":"product_cat","embeddable":true,"href":"https:\/\/bioplanet.ee\/en\/wp-json\/wp\/v2\/product_cat?post=10454"},{"taxonomy":"product_tag","embeddable":true,"href":"https:\/\/bioplanet.ee\/en\/wp-json\/wp\/v2\/product_tag?post=10454"}],"curies":[{"name":"wp","href":"https:\/\/api.w.org\/{rel}","templated":true}]}}